{"id":62,"date":"2023-06-15T06:31:08","date_gmt":"2023-06-15T06:31:08","guid":{"rendered":"https:\/\/carniceriatoledano.com\/?page_id=62"},"modified":"2023-06-15T06:33:14","modified_gmt":"2023-06-15T06:33:14","slug":"politica-de-cookies","status":"publish","type":"page","link":"https:\/\/carniceriatoledano.com\/?page_id=62","title":{"rendered":"Pol\u00edtica de cookies"},"content":{"rendered":"\t\t<div data-elementor-type=\"wp-page\" data-elementor-id=\"62\" class=\"elementor elementor-62\" data-elementor-post-type=\"page\">\n\t\t\t\t\t\t<section class=\"elementor-section elementor-top-section elementor-element elementor-element-5bedcbe4 elementor-section-boxed elementor-section-height-default elementor-section-height-default\" data-id=\"5bedcbe4\" data-element_type=\"section\" data-e-type=\"section\" data-settings=\"{&quot;jet_parallax_layout_list&quot;:[]}\">\n\t\t\t\t\t\t<div class=\"elementor-container elementor-column-gap-default\">\n\t\t\t\t\t<div class=\"elementor-column elementor-col-100 elementor-top-column elementor-element elementor-element-9c6e051\" data-id=\"9c6e051\" data-element_type=\"column\" data-e-type=\"column\">\n\t\t\t<div class=\"elementor-widget-wrap elementor-element-populated\">\n\t\t\t\t\t\t<div class=\"elementor-element elementor-element-69e54460 elementor-widget elementor-widget-heading\" data-id=\"69e54460\" data-element_type=\"widget\" data-e-type=\"widget\" data-widget_type=\"heading.default\">\n\t\t\t\t<div class=\"elementor-widget-container\">\n\t\t\t\t\t<h1 class=\"elementor-heading-title elementor-size-default\">POL\u00cdTICA DE COOKIES<\/h1>\t\t\t\t<\/div>\n\t\t\t\t<\/div>\n\t\t\t\t\t<\/div>\n\t\t<\/div>\n\t\t\t\t\t<\/div>\n\t\t<\/section>\n\t\t\t\t<section class=\"elementor-section elementor-top-section elementor-element elementor-element-20edc1dc elementor-section-boxed elementor-section-height-default elementor-section-height-default\" data-id=\"20edc1dc\" data-element_type=\"section\" data-e-type=\"section\" data-settings=\"{&quot;jet_parallax_layout_list&quot;:[]}\">\n\t\t\t\t\t\t<div class=\"elementor-container elementor-column-gap-default\">\n\t\t\t\t\t<div class=\"elementor-column elementor-col-100 elementor-top-column elementor-element elementor-element-676c3b15\" data-id=\"676c3b15\" data-element_type=\"column\" data-e-type=\"column\">\n\t\t\t<div class=\"elementor-widget-wrap elementor-element-populated\">\n\t\t\t\t\t\t<div class=\"elementor-element elementor-element-7b6e1185 elementor-widget elementor-widget-text-editor\" data-id=\"7b6e1185\" data-element_type=\"widget\" data-e-type=\"widget\" data-widget_type=\"text-editor.default\">\n\t\t\t\t<div class=\"elementor-widget-container\">\n\t\t\t\t\t\t\t\t\t<p>Este sitio web, usa Cookies para mejorar y optimizar la experiencia del usuario. A continuaci\u00f3n encontrar\u00e1s informaci\u00f3n detallada sobre qu\u00e9 son las \u201cCookies\u201d, qu\u00e9 tipolog\u00eda utiliza este sitio web, c\u00f3mo puedes desactivarlas en tu navegador y c\u00f3mo bloquear espec\u00edficamente la instalaci\u00f3n de Cookies de terceros.<\/p><p><strong>\u00bfQu\u00e9 son las Cookies y c\u00f3mo las utilizan los sitios web de COOKYARTOLEDANO S.L?<\/strong><\/p><p>Las Cookies son archivos que el sitio web o la aplicaci\u00f3n que utilizas instala en tu navegador o en tu dispositivo (Smartphone, tableta\u2026\u2026) durante tu recorrido por las p\u00e1ginas o por la aplicaci\u00f3n, y sirven para almacenar informaci\u00f3n sobre tu visita. Como la mayor\u00eda de los sitios en internet, los portales web del COOKYARTOLEDANO S.L utilizan Cookies para:<\/p><ul><li>Asegurar que las p\u00e1ginas web pueden funcionar correctamente<\/li><li>Almacenar sus preferencias, como el idioma que has seleccionado o el tama\u00f1o de letra.<\/li><li>Conocer tu experiencia de navegaci\u00f3n.<\/li><li>Recopilar informaci\u00f3n estad\u00edstica an\u00f3nima, como qu\u00e9 p\u00e1ginas has visto o cu\u00e1nto tiempo has estado en nuestros medios.<\/li><\/ul><p>El uso de Cookies nos permite optimizar su navegaci\u00f3n, adaptando la informaci\u00f3n y los servicios ofrecidos a tus intereses, para proporcionarte una mejor experiencia siempre que nos visites. Los sitios web de COOKYARTOLEDANO S.L\u00a0utilizan Cookies para funcionar, adaptar y facilitar al m\u00e1ximo la navegaci\u00f3n del Usuario.<\/p><p>Las Cookies se asocian \u00fanicamente a un usuario an\u00f3nimo y su ordenador\/dispositivo y no proporcionan referencias que permitan conocer datos personales. En todo momento podr\u00e1s acceder a la configuraci\u00f3n de tu navegador para modificar y\/o bloquear la instalaci\u00f3n de las Cookies enviadas por los sitios web de COOKYARTOLEDANO S.L, sin que ello impida al acceso a los contenidos. Sin embargo, la calidad del funcionamiento de los Servicios puede verse afectada.<\/p><p>Los Usuarios que completen el proceso de registro o hayan iniciado sesi\u00f3n con sus datos de acceso podr\u00e1n acceder a servicios personalizados y adaptados a sus preferencias seg\u00fan la informaci\u00f3n personal suministrada en el momento del registro y la almacenada en la Cookie de su navegador.<\/p><ul><li>La cookies de autenticaci\u00f3n son por defecto cookies temporales (por sesiones) no persistentes, sin embargo, los usuarios pueden hacerla persistente marcando la casilla \u00abRemember login\u00bb en el control de acceso. Para usuarios registrados.<\/li><li>Las cookies de sesi\u00f3n, que se producen al loguearse tienen una duraci\u00f3n de 30 minutos desde \u00faltimo per\u00edodo de actividad. Para usuarios registrados.<\/li><li>Se crea una cookie llamada \u00ablenguaje\u00bb para almacenar el lenguaje \u2013 en una instalaci\u00f3n monoling\u00fces esto es simplemente el idioma por defecto del navegador, pero si el sitio es compatible con varios idiomas, entonces puede ser diferente seg\u00fan el idioma seleccionado. Para todo tipos de usuarios.<\/li><\/ul><table border=\"1\" cellspacing=\"0\" cellpadding=\"0\"><thead><tr><th>COOKIES<\/th><th>PROPOSITO<\/th><th>DURACI\u00d3N<\/th><th>GESTI\u00d3N<\/th><\/tr><\/thead><tbody><tr><td class=\"rtecenter\">Identificaci\u00f3n de usuario<\/td><td class=\"rtecenter\">Estas cookies se utilizan para identificar al usuario durante la sesi\u00f3n, evitar que el usuario tenga que repetir procesos de autenticaci\u00f3n en la web, acelerar algunos procesos del sitio web,etc.<\/td><td class=\"rtecenter\">Sesi\u00f3n<\/td><td class=\"rtecenter\">Propias<\/td><\/tr><tr><td class=\"rtecenter\">Identificaci\u00f3n de sesi\u00f3n<\/td><td class=\"rtecenter\">Identifica la sesi\u00f3n http del usuario. Es com\u00fan en todas las aplicaciones web para identificar peticiones de un usuario en una sesi\u00f3n.<\/td><td class=\"rtecenter\">Sesi\u00f3n<\/td><td class=\"rtecenter\">Propias<\/td><\/tr><tr><td class=\"rtecenter\">Estado de la navegaci\u00f3n<\/td><td class=\"rtecenter\">Permite identificar en qu\u00e9 estado de navegaci\u00f3n se encuentra el usuario (inicio de la sesi\u00f3n, primera p\u00e1gina, primer acceso, etc.).<\/td><td class=\"rtecenter\">Sesi\u00f3n<\/td><td class=\"rtecenter\">Propias<\/td><\/tr><tr><td class=\"rtecenter\">Protocolos<\/td><td class=\"rtecenter\">Permite gestionar cambios entre dominio (protocolo) seguro (https) y no seguro (http)<\/td><td class=\"rtecenter\">Sesi\u00f3n<\/td><td class=\"rtecenter\">Propias<\/td><\/tr><tr><td class=\"rtecenter\">De conversi\u00f3n<\/td><td class=\"rtecenter\">Estos pixeles, presentes en la p\u00e1gina de noticias, permiten realizar el seguimiento de las noticias compartidas a trav\u00e9s del tr\u00e1fico generado por Facebook y Twitter. Realizado el seguimiento a trav\u00e9s de la plataforma Facebook y Twitter,\u00a0 la configuraci\u00f3n de estas cookies est\u00e1 predeterminada por el servicio ofrecido por Facebook y Twitter. Para obtener m\u00e1s informaci\u00f3n de las cookies que utiliza y de c\u00f3mo inhabilitarlas (teniendo en consideraci\u00f3n que no somos responsables del contenido ni la veracidad de los sitios web de terceros), acceda a estos:<a href=\"https:\/\/www.facebook.com\/help\/cookies\/?ref=sitefooter\" target=\"_blank\" rel=\"noopener\">https:\/\/www.facebook.com\/help\/cookies\/?ref=sitefooter<\/a><p>\u00a0<\/p><p><a href=\"https:\/\/support.twitter.com\/articles\/20170521-el-uso-que-hace-twitter-de-cookies-y-tecnologias-similares\" target=\"_blank\" rel=\"noopener\">https:\/\/support.twitter.com\/articles\/20170521-el-uso-que-hace-twitter-de-cookies-y-tecnologias-similares<\/a><\/p><\/td><td class=\"rtecenter\">Persistentes<\/td><td class=\"rtecenter\">Terceros<\/td><\/tr><tr><td class=\"rtecenter\">Google Analytics<\/td><td class=\"rtecenter\">Permiten realizar el seguimiento del sitio web mediante la herramienta google analytics, que es un servicio proporcionado por google para obtener informaci\u00f3n de los accesos de los usuarios a los sitios web. Alguno de los datos guardados para an\u00e1lisis posteriores son: n\u00famero de veces que un usuario visita la web, fechas de la primera y \u00faltima visita del usuario, duraci\u00f3n de las visitas, desde qu\u00e9 p\u00e1gina accedi\u00f3 el usuario a la web, qu\u00e9 motor de b\u00fasqueda utiliz\u00f3 el usuario para llegar a la web o qu\u00e9 enlace hizo click, desde qu\u00e9 lugar del mundo accedi\u00f3 el usuario, etc.la configuraci\u00f3n de estas cookies est\u00e1 predeterminada por el servicio ofrecido por google, por lo que le sugerimos que consulte la p\u00e1gina de privacidad de google analytics,\u00a0<a href=\"http:\/\/www.google.com\/intl\/es\/analytics\/privacyoverview.html\" target=\"_blank\" rel=\"noopener\">http:\/\/www.google.com\/intl\/es\/analytics\/privacyoverview.html<\/a>, para obtener m\u00e1s informaci\u00f3n de las cookies que utiliza y de c\u00f3mo inhabilitarlas (teniendo en consideraci\u00f3n que no somos responsables del contenido ni la veracidad de los sitios web de terceros).<\/td><td class=\"rtecenter\">Persistentes<\/td><td class=\"rtecenter\">Terceros<\/td><\/tr><\/tbody><\/table><ul><li><strong>\u00bfC\u00f3mo puedo configurar mis Cookies?<\/strong><\/li><li>Al navegar y continuar en nuestro Sitio Web estar\u00e1 consintiendo el uso de las Cookies en las condiciones contenidas en la presente Pol\u00edtica de Cookies. COOKYARTOLEDANO S.L\u00a0proporciona acceso a esta Pol\u00edtica de Cookies en el momento del registro con el objetivo de que el usuario est\u00e9 informado, y sin perjuicio de que \u00e9ste pueda ejercer su derecho a bloquear, eliminar y rechazar el uso de Cookies en todo momento.<\/li><li>En cualquier caso le informamos de que, dado que las Cookies no son necesarias para el uso de nuestro Sitio Web, puede bloquearlas o deshabilitarlas activando la configuraci\u00f3n de su navegador, que le permite rechazar la instalaci\u00f3n de todas las cookies o de algunas de ellas. La pr\u00e1ctica mayor\u00eda de los navegadores permiten advertir de la presencia de Cookies o rechazarlas autom\u00e1ticamente. Si las rechaza podr\u00e1 seguir usando nuestro Sitio Web, aunque el uso de algunos de sus servicios podr\u00e1 ser limitado y por tanto su experiencia en nuestro Sitio Web menos satisfactoria.<\/li><\/ul><p><strong>\u00bfC\u00f3mo puedo bloquear o permitir las cookies?<\/strong><\/p><p>El usuario podr\u00e1 -en cualquier momento- elegir qu\u00e9 cookies quiere que funcionen en este sitio web mediante:<\/p><ul><li>la configuraci\u00f3n del\u00a0<strong>navegador<\/strong>; por ejemplo:<ul><li><strong>Chrome<\/strong>, desde\u00a0<a href=\"http:\/\/support.google.com\/chrome\/bin\/answer.py?hl=es&amp;answer=95647\" target=\"_blank\" rel=\"noopener\">http:\/\/support.google.com\/chrome\/bin\/answer.py?hl=es&amp;answer=95647<\/a><\/li><li><strong>Explorer<\/strong>, desde\u00a0<a href=\"http:\/\/windows.microsoft.com\/es-es\/windows7\/how-to-manage-cookies-in-internet-explorer-9\" target=\"_blank\" rel=\"noopener\">http:\/\/windows.microsoft.com\/es-es\/windows7\/how-to-manage-cookies-in-internet-explorer-9<\/a><\/li><li><strong>Firefox<\/strong>, desde\u00a0<a href=\"http:\/\/support.mozilla.org\/es\/kb\/habilitar-y-deshabilitar-cookies-que-los-sitios-we\" target=\"_blank\" rel=\"noopener\">http:\/\/support.mozilla.org\/es\/kb\/habilitar-y-deshabilitar-cookies-que-los-sitios-we<\/a><\/li><li><strong>Safari<\/strong>, desde\u00a0<a href=\"http:\/\/support.apple.com\/kb\/ph5042\" target=\"_blank\" rel=\"noopener\">http:\/\/support.apple.com\/kb\/ph5042<\/a><\/li><\/ul><\/li><li>Existen herramientas de terceros, disponibles online, que permiten a los usuarios detectar las cookies en cada sitio web que visita y gestionar su desactivaci\u00f3n.<\/li><\/ul>\t\t\t\t\t\t\t\t<\/div>\n\t\t\t\t<\/div>\n\t\t\t\t\t<\/div>\n\t\t<\/div>\n\t\t\t\t\t<\/div>\n\t\t<\/section>\n\t\t\t\t<\/div>\n\t\t","protected":false},"excerpt":{"rendered":"<p>POL\u00cdTICA DE COOKIES Este sitio web, usa Cookies para mejorar y optimizar la experiencia del usuario. A continuaci\u00f3n encontrar\u00e1s informaci\u00f3n detallada sobre qu\u00e9 son las \u201cCookies\u201d, qu\u00e9 tipolog\u00eda utiliza este sitio web, c\u00f3mo puedes desactivarlas en tu navegador y c\u00f3mo bloquear espec\u00edficamente la instalaci\u00f3n de Cookies de terceros. \u00bfQu\u00e9 son las Cookies y c\u00f3mo las [&hellip;]<\/p>\n","protected":false},"author":2,"featured_media":0,"parent":0,"menu_order":0,"comment_status":"closed","ping_status":"closed","template":"","meta":{"site-sidebar-layout":"no-sidebar","site-content-layout":"page-builder","ast-site-content-layout":"default","site-content-style":"default","site-sidebar-style":"default","ast-global-header-display":"","ast-banner-title-visibility":"","ast-main-header-display":"","ast-hfb-above-header-display":"","ast-hfb-below-header-display":"","ast-hfb-mobile-header-display":"","site-post-title":"disabled","ast-breadcrumbs-content":"","ast-featured-img":"disabled","footer-sml-layout":"","ast-disable-related-posts":"","theme-transparent-header-meta":"default","adv-header-id-meta":"","stick-header-meta":"","header-above-stick-meta":"","header-main-stick-meta":"","header-below-stick-meta":"","astra-migrate-meta-layouts":"default","ast-page-background-enabled":"default","ast-page-background-meta":{"desktop":{"background-color":"var(--ast-global-color-4)","background-image":"","background-repeat":"repeat","background-position":"center center","background-size":"auto","background-attachment":"scroll","background-type":"","background-media":"","overlay-type":"","overlay-color":"","overlay-opacity":"","overlay-gradient":""},"tablet":{"background-color":"","background-image":"","background-repeat":"repeat","background-position":"center center","background-size":"auto","background-attachment":"scroll","background-type":"","background-media":"","overlay-type":"","overlay-color":"","overlay-opacity":"","overlay-gradient":""},"mobile":{"background-color":"","background-image":"","background-repeat":"repeat","background-position":"center center","background-size":"auto","background-attachment":"scroll","background-type":"","background-media":"","overlay-type":"","overlay-color":"","overlay-opacity":"","overlay-gradient":""}},"ast-content-background-meta":{"desktop":{"background-color":"var(--ast-global-color-5)","background-image":"","background-repeat":"repeat","background-position":"center center","background-size":"auto","background-attachment":"scroll","background-type":"","background-media":"","overlay-type":"","overlay-color":"","overlay-opacity":"","overlay-gradient":""},"tablet":{"background-color":"var(--ast-global-color-5)","background-image":"","background-repeat":"repeat","background-position":"center center","background-size":"auto","background-attachment":"scroll","background-type":"","background-media":"","overlay-type":"","overlay-color":"","overlay-opacity":"","overlay-gradient":""},"mobile":{"background-color":"var(--ast-global-color-5)","background-image":"","background-repeat":"repeat","background-position":"center center","background-size":"auto","background-attachment":"scroll","background-type":"","background-media":"","overlay-type":"","overlay-color":"","overlay-opacity":"","overlay-gradient":""}},"footnotes":""},"class_list":["post-62","page","type-page","status-publish","hentry"],"_links":{"self":[{"href":"https:\/\/carniceriatoledano.com\/index.php?rest_route=\/wp\/v2\/pages\/62","targetHints":{"allow":["GET"]}}],"collection":[{"href":"https:\/\/carniceriatoledano.com\/index.php?rest_route=\/wp\/v2\/pages"}],"about":[{"href":"https:\/\/carniceriatoledano.com\/index.php?rest_route=\/wp\/v2\/types\/page"}],"author":[{"embeddable":true,"href":"https:\/\/carniceriatoledano.com\/index.php?rest_route=\/wp\/v2\/users\/2"}],"replies":[{"embeddable":true,"href":"https:\/\/carniceriatoledano.com\/index.php?rest_route=%2Fwp%2Fv2%2Fcomments&post=62"}],"version-history":[{"count":4,"href":"https:\/\/carniceriatoledano.com\/index.php?rest_route=\/wp\/v2\/pages\/62\/revisions"}],"predecessor-version":[{"id":67,"href":"https:\/\/carniceriatoledano.com\/index.php?rest_route=\/wp\/v2\/pages\/62\/revisions\/67"}],"wp:attachment":[{"href":"https:\/\/carniceriatoledano.com\/index.php?rest_route=%2Fwp%2Fv2%2Fmedia&parent=62"}],"curies":[{"name":"wp","href":"https:\/\/api.w.org\/{rel}","templated":true}]}}