{"id":56,"date":"2023-06-15T06:26:04","date_gmt":"2023-06-15T06:26:04","guid":{"rendered":"https:\/\/carniceriatoledano.com\/?page_id=56"},"modified":"2023-06-15T06:30:45","modified_gmt":"2023-06-15T06:30:45","slug":"politica-de-privacidad","status":"publish","type":"page","link":"https:\/\/carniceriatoledano.com\/?page_id=56","title":{"rendered":"Pol\u00edtica de privacidad"},"content":{"rendered":"\t\t<div data-elementor-type=\"wp-page\" data-elementor-id=\"56\" class=\"elementor elementor-56\" data-elementor-post-type=\"page\">\n\t\t\t\t\t\t<section class=\"elementor-section elementor-top-section elementor-element elementor-element-6f14e1d8 elementor-section-boxed elementor-section-height-default elementor-section-height-default\" data-id=\"6f14e1d8\" data-element_type=\"section\" data-e-type=\"section\" data-settings=\"{&quot;jet_parallax_layout_list&quot;:[]}\">\n\t\t\t\t\t\t<div class=\"elementor-container elementor-column-gap-default\">\n\t\t\t\t\t<div class=\"elementor-column elementor-col-100 elementor-top-column elementor-element elementor-element-37fb1b67\" data-id=\"37fb1b67\" data-element_type=\"column\" data-e-type=\"column\">\n\t\t\t<div class=\"elementor-widget-wrap elementor-element-populated\">\n\t\t\t\t\t\t<div class=\"elementor-element elementor-element-62ee9bae elementor-widget elementor-widget-heading\" data-id=\"62ee9bae\" data-element_type=\"widget\" data-e-type=\"widget\" data-widget_type=\"heading.default\">\n\t\t\t\t<div class=\"elementor-widget-container\">\n\t\t\t\t\t<h1 class=\"elementor-heading-title elementor-size-default\">POL\u00cdTICA DE PRIVACIDAD<\/h1>\t\t\t\t<\/div>\n\t\t\t\t<\/div>\n\t\t\t\t\t<\/div>\n\t\t<\/div>\n\t\t\t\t\t<\/div>\n\t\t<\/section>\n\t\t\t\t<section class=\"elementor-section elementor-top-section elementor-element elementor-element-7a17a647 elementor-section-boxed elementor-section-height-default elementor-section-height-default\" data-id=\"7a17a647\" data-element_type=\"section\" data-e-type=\"section\" data-settings=\"{&quot;jet_parallax_layout_list&quot;:[]}\">\n\t\t\t\t\t\t<div class=\"elementor-container elementor-column-gap-default\">\n\t\t\t\t\t<div class=\"elementor-column elementor-col-100 elementor-top-column elementor-element elementor-element-60493c78\" data-id=\"60493c78\" data-element_type=\"column\" data-e-type=\"column\">\n\t\t\t<div class=\"elementor-widget-wrap elementor-element-populated\">\n\t\t\t\t\t\t<div class=\"elementor-element elementor-element-5e0d94f1 elementor-widget elementor-widget-text-editor\" data-id=\"5e0d94f1\" data-element_type=\"widget\" data-e-type=\"widget\" data-widget_type=\"text-editor.default\">\n\t\t\t\t<div class=\"elementor-widget-container\">\n\t\t\t\t\t\t\t\t\t<p><strong><u>POLITICA DE PRIVACIDAD \u2013 WEB<\/u><\/strong><\/p><p>Seg\u00fan lo establecido en el RGPD (Reglamento (UE) 2016\/679), les proporcionamos la Informaci\u00f3n Detallada de Protecci\u00f3n de Datos que se expone a continuaci\u00f3n:<\/p><p><strong>Responsable:<\/strong><br \/>Raz\u00f3n Social: COOKYARTOLEDANO S.L<br \/>C.I.F.: B-42741389<br \/>Direcci\u00f3n: <span style=\"font-size: 16px;\">Calle la Parra 6 23004, JAEN<\/span><\/p><p>Tel\u00e9fono: 953 814 107<\/p><p><strong>Finalidad:<\/strong><br \/>Le informamos que los Datos de Car\u00e1cter Personal recogidos, ser\u00e1n incorporados a un Fichero bajo nuestra responsabilidad, con la finalidad de gestionar el env\u00edo de la informaci\u00f3n que nos soliciten y facilitar a los interesados ofertas de productos y servicios de su inter\u00e9s. Los datos proporcionados se conservar\u00e1n mientras se mantenga la relaci\u00f3n comercial, durante los a\u00f1os necesarios para cumplir con las obligaciones legales o se solicite su supresi\u00f3n por el interesado.<\/p><p><strong>Legitimaci\u00f3n:<\/strong><br \/>Los Datos de Car\u00e1cter Personal obtenidos en esta P\u00e1gina Web, as\u00ed como la oferta de productos y servicios ofrecidos, est\u00e1 basada en el consentimiento que se le solicita al interesado.<\/p><p>El interesado tendr\u00e1 derecho a retirar su consentimiento en cualquier momento. La retirada del consentimiento no afectar\u00e1 a la licitud del tratamiento basada en el consentimiento previo a su retirada.<\/p><p><strong>Destinatarios:<\/strong><br \/>No se ceder\u00e1n datos a terceros, salvo obligaci\u00f3n legal.<\/p><p><strong>Derechos:<\/strong><br \/>Usted como interesado directo, tiene derecho a obtener confirmaci\u00f3n sobre si en COOKYARTOLEDANO S.L estamos tratando datos personales que le conciernen, o no. Usted tiene derecho a acceder a sus datos personales, as\u00ed como a solicitar la rectificaci\u00f3n de los datos inexactos o, en su caso, solicitar su supresi\u00f3n cuando, entre otros motivos, los datos ya no sean necesarios para los fines que fueron recogidos.<\/p><p>En determinadas circunstancias, usted podr\u00e1 solicitar la limitaci\u00f3n del tratamiento de sus datos, en cuyo caso \u00fanicamente los conservaremos para el ejercicio o la defensa de reclamaciones.<\/p><p>En determinadas circunstancias y por motivos relacionados con su situaci\u00f3n particular, usted podr\u00e1 oponerse al tratamiento de sus datos. COOKYARTOLEDANO S.L dejar\u00e1 de tratar los datos, salvo por motivos leg\u00edtimos imperiosos, o el ejercicio o la defensa de posibles reclamaciones.<\/p><p>En determinadas circunstancias, usted tendr\u00e1 derecho a recibir los datos personales que le incumban y que nos haya facilitado, y transmitirlos o solicitar que se los proporcionemos a un tercero sin objeci\u00f3n por nuestra parte (derecho a la portabilidad de datos).<\/p><p>En determinadas circunstancias, le informamos que tendr\u00e1 derecho a no ser objeto de un decisi\u00f3n basada \u00fanicamente en el tratamiento automatizado, incluida la elaboraci\u00f3n de perfiles, que produzca efectos jur\u00eddicos sobre usted o le afecte significativamente de modo similar.<\/p>\t\t\t\t\t\t\t\t<\/div>\n\t\t\t\t<\/div>\n\t\t\t\t\t<\/div>\n\t\t<\/div>\n\t\t\t\t\t<\/div>\n\t\t<\/section>\n\t\t\t\t<\/div>\n\t\t","protected":false},"excerpt":{"rendered":"<p>POL\u00cdTICA DE PRIVACIDAD POLITICA DE PRIVACIDAD \u2013 WEB Seg\u00fan lo establecido en el RGPD (Reglamento (UE) 2016\/679), les proporcionamos la Informaci\u00f3n Detallada de Protecci\u00f3n de Datos que se expone a continuaci\u00f3n: Responsable:Raz\u00f3n Social: COOKYARTOLEDANO S.LC.I.F.: B-42741389Direcci\u00f3n: Calle la Parra 6 23004, JAEN Tel\u00e9fono: 953 814 107 Finalidad:Le informamos que los Datos de Car\u00e1cter Personal recogidos, [&hellip;]<\/p>\n","protected":false},"author":2,"featured_media":0,"parent":0,"menu_order":0,"comment_status":"closed","ping_status":"closed","template":"","meta":{"site-sidebar-layout":"no-sidebar","site-content-layout":"page-builder","ast-site-content-layout":"default","site-content-style":"default","site-sidebar-style":"default","ast-global-header-display":"","ast-banner-title-visibility":"","ast-main-header-display":"","ast-hfb-above-header-display":"","ast-hfb-below-header-display":"","ast-hfb-mobile-header-display":"","site-post-title":"disabled","ast-breadcrumbs-content":"","ast-featured-img":"disabled","footer-sml-layout":"","ast-disable-related-posts":"","theme-transparent-header-meta":"default","adv-header-id-meta":"","stick-header-meta":"","header-above-stick-meta":"","header-main-stick-meta":"","header-below-stick-meta":"","astra-migrate-meta-layouts":"default","ast-page-background-enabled":"default","ast-page-background-meta":{"desktop":{"background-color":"var(--ast-global-color-4)","background-image":"","background-repeat":"repeat","background-position":"center center","background-size":"auto","background-attachment":"scroll","background-type":"","background-media":"","overlay-type":"","overlay-color":"","overlay-opacity":"","overlay-gradient":""},"tablet":{"background-color":"","background-image":"","background-repeat":"repeat","background-position":"center center","background-size":"auto","background-attachment":"scroll","background-type":"","background-media":"","overlay-type":"","overlay-color":"","overlay-opacity":"","overlay-gradient":""},"mobile":{"background-color":"","background-image":"","background-repeat":"repeat","background-position":"center center","background-size":"auto","background-attachment":"scroll","background-type":"","background-media":"","overlay-type":"","overlay-color":"","overlay-opacity":"","overlay-gradient":""}},"ast-content-background-meta":{"desktop":{"background-color":"var(--ast-global-color-5)","background-image":"","background-repeat":"repeat","background-position":"center center","background-size":"auto","background-attachment":"scroll","background-type":"","background-media":"","overlay-type":"","overlay-color":"","overlay-opacity":"","overlay-gradient":""},"tablet":{"background-color":"var(--ast-global-color-5)","background-image":"","background-repeat":"repeat","background-position":"center center","background-size":"auto","background-attachment":"scroll","background-type":"","background-media":"","overlay-type":"","overlay-color":"","overlay-opacity":"","overlay-gradient":""},"mobile":{"background-color":"var(--ast-global-color-5)","background-image":"","background-repeat":"repeat","background-position":"center center","background-size":"auto","background-attachment":"scroll","background-type":"","background-media":"","overlay-type":"","overlay-color":"","overlay-opacity":"","overlay-gradient":""}},"footnotes":""},"class_list":["post-56","page","type-page","status-publish","hentry"],"_links":{"self":[{"href":"https:\/\/carniceriatoledano.com\/index.php?rest_route=\/wp\/v2\/pages\/56","targetHints":{"allow":["GET"]}}],"collection":[{"href":"https:\/\/carniceriatoledano.com\/index.php?rest_route=\/wp\/v2\/pages"}],"about":[{"href":"https:\/\/carniceriatoledano.com\/index.php?rest_route=\/wp\/v2\/types\/page"}],"author":[{"embeddable":true,"href":"https:\/\/carniceriatoledano.com\/index.php?rest_route=\/wp\/v2\/users\/2"}],"replies":[{"embeddable":true,"href":"https:\/\/carniceriatoledano.com\/index.php?rest_route=%2Fwp%2Fv2%2Fcomments&post=56"}],"version-history":[{"count":4,"href":"https:\/\/carniceriatoledano.com\/index.php?rest_route=\/wp\/v2\/pages\/56\/revisions"}],"predecessor-version":[{"id":61,"href":"https:\/\/carniceriatoledano.com\/index.php?rest_route=\/wp\/v2\/pages\/56\/revisions\/61"}],"wp:attachment":[{"href":"https:\/\/carniceriatoledano.com\/index.php?rest_route=%2Fwp%2Fv2%2Fmedia&parent=56"}],"curies":[{"name":"wp","href":"https:\/\/api.w.org\/{rel}","templated":true}]}}